{"id":3204,"date":"2024-11-15T11:46:59","date_gmt":"2024-11-15T10:46:59","guid":{"rendered":"https:\/\/petfoodie.be\/?page_id=3204"},"modified":"2025-03-14T08:38:20","modified_gmt":"2025-03-14T07:38:20","slug":"points-de-vente-daliments-pour-chiens","status":"publish","type":"page","link":"https:\/\/petfoodie.be\/fr\/points-de-vente-daliments-pour-chiens\/","title":{"rendered":"Points de vente d&rsquo;aliments pour chiens"},"content":{"rendered":"\n<section id=\"content-block_0bcfe35a2af5d40634a35c97cb378ab0\" class=\"content alignfull zonder  geen\">\n    <div class=\"pagesmall\">\n        <h1 class=\"bM-Headline\">Points de vente d&rsquo;aliments pour chiens<\/h1>\n<div style=\"padding: 20px 0\">Vous trouverez notre gamme de viande fra\u00eeche pour chiens PetFoodie dans les animaleries. Vous trouverez ici un aper\u00e7u des points de vente o\u00f9 vous pouvez acheter PetFoodie pour votre chien.<\/div>\n<h2 class=\"bM-Headline\">Achetez PetFoodie pour votre chien<\/h2>\n<style type=\"text\/css\">\n  body #asl-storelocator.asl-cont.asl-template-0 {--sl-font-size: 13px;--sl-title-size: 15px;--sl-btn-size: 13px;--sl-primary: #8A1B02;--sl-header: #F7F7F7;--sl-header-color: #32373c;--sl-infobox-color: #555d66;--sl-infobox-bg: #FFFFFF;--sl-infobox-a: #8A1B02;--sl-action-btn-color: #32373c;--sl-action-btn-bg: #8A1B02;--sl-color: #32373c;--sl-list-bg: #FFFFFF;--sl-list-title: #8A1B02;--sl-list-sub-title: #6a6a6a;--sl-highlighted: #F7F7F7;}.asl-cont .sl-direction,.asl-cont .s-direction, .asl-buttons .directions {display: none !important;}.asl-buttons .zoomhere {display: none !important;}.asl-p-cont .asl-print-btn,.asl-cont .asl-print-btn {display: none !important;}  #asl-storelocator.asl-cont .sl-main-cont .asl-panel.pol-lg-12 {order: 0;}\n  #asl-storelocator.asl-cont .sl-main-cont .asl-panel.pol-lg-12 .asl-panel-inner{ position: relative;height: 450px;}\n  .asl-cont .onoffswitch .onoffswitch-label .onoffswitch-switch:before {content: \"OUVRIR\" !important;}\n  .asl-cont .onoffswitch .onoffswitch-label .onoffswitch-switch:after {content: \"TOUS\" !important;}\n  @media (max-width: 767px) {\n    #asl-storelocator.asl-cont .asl-panel {order: 0;}\n  }\n  .asl-cont.sl-search-only .Filter_section + .sl-row {display: none;}\n  .asl-cont .sl-hide-branches,\n  .asl-cont .sl-hide-branches:hover {color: #FFF !important; text-decoration: none !important;cursor: pointer;}\n<\/style>\n<div id=\"asl-storelocator\" class=\"storelocator-main asl-cont asl-template-0 asl-layout-0 asl-bg-0 full-width  asl-text-1\">\n  <div class=\"asl-wrapper\">\n    <div class=\"sl-container-fluid\">\n            <div class=\"sl-gdpr-cont\">\n          <div class=\"gdpr-ol\"><\/div>\n          <div class=\"gdpr-ol-bg\">\n            <div class=\"gdpr-box\">\n              <p>Due to the GDPR, we need your consent to load data from Google, more information in our privacy policy.<\/p>\n              <a class=\"btn btn-asl\" id=\"sl-btn-gdpr\">Charger le localisateur de magasin<\/a>\n            <\/div>\n          <\/div>\n      <\/div>\n             \n      <div class=\"sl-row Filter_section\">\n          <div class=\"pol-lg-4 pol-md-5 pol-sm-12 search_filter\">\n              <label class=\"mb-2\" for=\"auto-complete-search\">Emplacement de recherche<\/label>\n              <div class=\"sl-search-group d-flex\">\n                <input type=\"text\" value=\"\" data-submit=\"disable\" id=\"auto-complete-search\" placeholder=\"Entrez un lieu\"  class=\"asl-search-address form-control isp_ignore\">\n                <button aria-label=\"Emplacement de recherche\" title=\"Emplacement de recherche\" type=\"button\" class=\"span-geo\"><i class=\"icon-search\"><\/i><\/button>\n              <\/div>\n          <\/div>\n          <div class=\"pol-lg-8 pol-md-7 pol-sm-12\">\n            <div class=\"sl-row\">\n              <div class=\"pol-sm-12 asl-advance-filters hide\">\n                <div class=\"sl-row\">\n                                                      <div class=\"pol-lg-4 pol-md-6 pol-sm-12  asl-ddl-filters asl-ddl-filter-cats\">\n                      <div class=\"asl-filter-cntrl\">\n                        <label class=\"asl-cntrl-lbl\" for=\"asl-categories\">Cat\u00e9gorie<\/label>\n                        <div class=\"sl-dropdown-cont\" id=\"categories_filter\">\n                        <\/div>\n                      <\/div>\n                  <\/div>\n                                                                                          <div class=\"pol-lg-4 pol-md-6 pol-sm-12  asl-ddl-filters asl-ddl-filter-special\">\n                      <div class=\"asl-filter-cntrl\">\n                        <label class=\"asl-cntrl-lbl\" for=\"asl-special\">Speciality<\/label>\n                        <div class=\"sl-dropdown-cont\" id=\"special_filter\">\n                        <\/div>\n                      <\/div>\n                  <\/div>\n                                                      <div class=\"pol-lg-4 pol-md-6 pol-sm-12 range_filter asl-ddl-filters hide\">\n                    <div class=\"rangeFilter asl-filter-cntrl\">\n                      <label for=\"asl-radius-slide\" class=\"asl-cntrl-lbl\">Plage de distances<\/label>\n                      <input id=\"asl-radius-slide\" type=\"text\" class=\"span2\" \/>\n                      <span class=\"rad-unit\">Rayon: <span id=\"asl-radius-input\"><\/span> <span id=\"asl-dist-unit\">Km<\/span><\/span>\n                    <\/div>\n                  <\/div>\n                  <div class=\"pol-lg-2 pol-md-3 pol-sm-12 Status_filter\">\n                    <div class=\"asl-filter-cntrl\">\n                      <label class=\"asl-cntrl-lbl\">Statut<\/label>\n                      <div class=\"onoffswitch\">\n                        <input type=\"checkbox\" name=\"onoffswitch\" class=\"onoffswitch-checkbox\" id=\"asl-open-close\" checked>\n                        <label aria-label=\"Opened Stores\" title=\"Opened Stores\" class=\"onoffswitch-label\" for=\"asl-open-close\">\n                            <span class=\"onoffswitch-inner\"><\/span>\n                            <span class=\"onoffswitch-switch\"><\/span>\n                        <\/label>\n                      <\/div>\n                    <\/div>\n                  <\/div>\n                <\/div>\n              <\/div>\n            <\/div>\n          <\/div>\n      <\/div>\n            <div class=\"sl-row\">\n        <div class=\"pol-12\">\n            <div class=\"sl-main-cont\">\n                <div class=\"sl-row no-gutters sl-main-row\">\n                    <div id=\"asl-panel\" class=\"asl-panel pol-md-5 pol-lg-4 asl_locator-panel\">\n                        <div class=\"asl-overlay\" id=\"map-loading\">\n                            <div class=\"white\"><\/div>\n                            <div class=\"sl-loading\">\n                              <i class=\"animate-sl-spin icon-spin3\"><\/i>\n                              Chargement&#8230;                            <\/div>\n                        <\/div>\n                                                <!-- list -->\n                        <div class=\"asl-panel-inner\">\n                            <div class=\"top-title Num_of_store\">\n                              <span><span class=\"sl-head-title\">Number Of Shops<\/span>: <span class=\"count-result\">0<\/span><\/span>\n                                                          <\/div>\n                            <div class=\"sl-main-cont-box\">\n                              <div id=\"asl-list\" class=\"sl-list-wrapper\">\n                                <ul id=\"p-statelist\" class=\"sl-list\">\n                                <\/ul>\n                              <\/div>\n                            <\/div>\n                        <\/div>\n\n                        <div class=\"directions-cont hide\">\n                            <div class=\"agile-modal-header\">\n                                <button type=\"button\" class=\"close\"><span aria-hidden=\"true\">\u00d7<\/span><\/button>\n                                <h4>Direction du magasin<\/h4>\n                            <\/div>\n                            <div class=\"rendered-directions\" id=\"asl-rendered-dir\" style=\"direction: ltr;\"><\/div>\n                        <\/div>\n                    <\/div>\n                    <div class=\"pol-md-7 pol-lg-8 asl-map\">\n                        <div class=\"map-image\">\n                            <div id=\"asl-map-canv\" class=\"asl-map-canv\"><\/div>\n                            <div id=\"agile-modal-direction\" class=\"agile-modal fade\">\n    <div class=\"agile-modal-backdrop-in\"><\/div>\n    <div class=\"agile-modal-dialog in\">\n        <div class=\"agile-modal-content\">\n            <div class=\"sl-form-group d-flex justify-content-between\">\n                <h4 >OBTENIR DES DIRECTIONS<\/h4>\n                <button type=\"button\" class=\"close-directions sl-close\" data-dismiss=\"agile-modal\" aria-label=\"Close\">&times;<\/button>\n            <\/div>\n            <div class=\"sl-form-group\">\n                <label for=\"frm-lbl\">Depuis:<\/label>\n                <input type=\"text\" class=\"form-control frm-place\" id=\"frm-lbl\" placeholder=\"Entrez un lieu\">\n            <\/div>\n            <div class=\"sl-form-group\">\n                <label for=\"to-lbl\">Pour:<\/label>\n                <input readonly=\"true\" type=\"text\"  class=\"directions-to form-control\" id=\"to-lbl\" placeholder=\"Adresse de destination pr\u00e9remplie\">\n            <\/div>\n            <div class=\"sl-form-group mb-0\">\n                <label for=\"rbtn-km\" class=\"checkbox-inline\">\n                    <input type=\"radio\" name=\"dist-type\"  id=\"rbtn-km\" value=\"0\"> Km                <\/label>\n                <label for=\"rbtn-mile\" class=\"checkbox-inline\">\n                    <input type=\"radio\" name=\"dist-type\" checked id=\"rbtn-mile\" value=\"1\"> Milles                <\/label>\n            <\/div>\n            <div class=\"sl-form-group mb-0\">\n                <button type=\"submit\" class=\"btn btn-default btn-submit\">OBTENIR DES DIRECTIONS<\/button>\n            <\/div>\n        <\/div>\n    <\/div>\n<\/div>\n\n<div id=\"asl-geolocation-agile-modal\" class=\"agile-modal fade\">\n  <div class=\"agile-modal-backdrop-in\"><\/div>\n  <div class=\"agile-modal-dialog in\">\n    <div class=\"agile-modal-content\">\n            <div class=\"sl-form-group d-flex justify-content-between\">\n        <h5>Utilisez ma position pour trouver le fournisseur de services le plus proche de chez moi<\/h5>\n        <button type=\"button\" class=\"close-directions sl-close\" data-dismiss=\"agile-modal\" aria-label=\"Close\">&times;<\/button>\n      <\/div>\n      <div class=\"sl-form-group text-center mb-0\">\n        <button type=\"button\" id=\"asl-btn-geolocation\" class=\"btn btn-block btn-default\">UTILISER L&#039;EMPLACEMENT<\/button>\n      <\/div>\n          <\/div>\n  <\/div>\n<\/div>\n\n<div id=\"asl-desc-agile-modal\" class=\"agile-modal fade\">\n  <div class=\"agile-modal-backdrop-in\"><\/div>\n  <div class=\"agile-modal-dialog in\">\n    <div class=\"agile-modal-content\">\n      <div class=\"sl-row\">\n        <div class=\"pol-md-12\">\n          <div class=\"sl-form-group d-flex justify-content-between\">\n            <h4 class=\"sl-title\">Description<\/h4>\n            <button type=\"button\" class=\"close-directions sl-close\" data-dismiss=\"agile-modal\" aria-label=\"Close\">&times;<\/button>\n          <\/div>\n          <div class=\"sl-desc\"><\/div>\n        <\/div>\n      <\/div>\n    <\/div>\n  <\/div>\n<\/div>                        <\/div>\n                    <\/div>\n                <\/div>\n            <\/div>\n        <\/div>\n      <\/div>\n    <\/div>\n      <\/div>\n<\/div>\n<!-- This plugin is developed by \"Agile Store Locator for WordPress\" https:\/\/agilestorelocator.com -->\n    <\/div>\n<\/section>","protected":false},"excerpt":{"rendered":"","protected":false},"author":4,"featured_media":0,"parent":0,"menu_order":11,"comment_status":"closed","ping_status":"closed","template":"","meta":{"_acf_changed":false,"footnotes":""},"class_list":["post-3204","page","type-page","status-publish","hentry"],"acf":[],"yoast_head":"<!-- This site is optimized with the Yoast SEO plugin v27.2 - https:\/\/yoast.com\/product\/yoast-seo-wordpress\/ -->\n<title>Achetez ici de la viande fra\u00eeche PetFoodie pour votre chien<\/title>\n<meta name=\"description\" content=\"Trouvez un point de vente PetFoodie pr\u00e8s de chez vous. Ou commandez de la viande fra\u00eeche PetFoodie pour votre chien directement en ligne. Cliquez ici pour avoir une vue d&#039;ensemble !\" \/>\n<meta name=\"robots\" content=\"index, follow, max-snippet:-1, max-image-preview:large, max-video-preview:-1\" \/>\n<link rel=\"canonical\" href=\"https:\/\/petfoodie.be\/fr\/points-de-vente-daliments-pour-chiens\/\" \/>\n<meta property=\"og:locale\" content=\"fr_FR\" \/>\n<meta property=\"og:type\" content=\"article\" \/>\n<meta property=\"og:title\" content=\"Achetez ici de la viande fra\u00eeche PetFoodie pour votre chien\" \/>\n<meta property=\"og:description\" content=\"Trouvez un point de vente PetFoodie pr\u00e8s de chez vous. Ou commandez de la viande fra\u00eeche PetFoodie pour votre chien directement en ligne. Cliquez ici pour avoir une vue d&#039;ensemble !\" \/>\n<meta property=\"og:url\" content=\"https:\/\/petfoodie.be\/fr\/points-de-vente-daliments-pour-chiens\/\" \/>\n<meta property=\"og:site_name\" content=\"PetFoodie\" \/>\n<meta property=\"article:modified_time\" content=\"2025-03-14T07:38:20+00:00\" \/>\n<meta name=\"twitter:card\" content=\"summary_large_image\" \/>\n<script type=\"application\/ld+json\" class=\"yoast-schema-graph\">{\"@context\":\"https:\/\/schema.org\",\"@graph\":[{\"@type\":\"WebPage\",\"@id\":\"https:\/\/petfoodie.be\/fr\/points-de-vente-daliments-pour-chiens\/\",\"url\":\"https:\/\/petfoodie.be\/fr\/points-de-vente-daliments-pour-chiens\/\",\"name\":\"Achetez ici de la viande fra\u00eeche PetFoodie pour votre chien\",\"isPartOf\":{\"@id\":\"https:\/\/petfoodie.be\/fr\/#website\"},\"datePublished\":\"2024-11-15T10:46:59+00:00\",\"dateModified\":\"2025-03-14T07:38:20+00:00\",\"description\":\"Trouvez un point de vente PetFoodie pr\u00e8s de chez vous. Ou commandez de la viande fra\u00eeche PetFoodie pour votre chien directement en ligne. Cliquez ici pour avoir une vue d'ensemble !\",\"breadcrumb\":{\"@id\":\"https:\/\/petfoodie.be\/fr\/points-de-vente-daliments-pour-chiens\/#breadcrumb\"},\"inLanguage\":\"fr-FR\",\"potentialAction\":[{\"@type\":\"ReadAction\",\"target\":[\"https:\/\/petfoodie.be\/fr\/points-de-vente-daliments-pour-chiens\/\"]}]},{\"@type\":\"BreadcrumbList\",\"@id\":\"https:\/\/petfoodie.be\/fr\/points-de-vente-daliments-pour-chiens\/#breadcrumb\",\"itemListElement\":[{\"@type\":\"ListItem\",\"position\":1,\"name\":\"Home\",\"item\":\"https:\/\/petfoodie.be\/fr\/\"},{\"@type\":\"ListItem\",\"position\":2,\"name\":\"Points de vente d&#8217;aliments pour chiens\"}]},{\"@type\":\"WebSite\",\"@id\":\"https:\/\/petfoodie.be\/fr\/#website\",\"url\":\"https:\/\/petfoodie.be\/fr\/\",\"name\":\"PetFoodie\",\"description\":\"\",\"potentialAction\":[{\"@type\":\"SearchAction\",\"target\":{\"@type\":\"EntryPoint\",\"urlTemplate\":\"https:\/\/petfoodie.be\/fr\/?s={search_term_string}\"},\"query-input\":{\"@type\":\"PropertyValueSpecification\",\"valueRequired\":true,\"valueName\":\"search_term_string\"}}],\"inLanguage\":\"fr-FR\"}]}<\/script>\n<!-- \/ Yoast SEO plugin. -->","yoast_head_json":{"title":"Achetez ici de la viande fra\u00eeche PetFoodie pour votre chien","description":"Trouvez un point de vente PetFoodie pr\u00e8s de chez vous. Ou commandez de la viande fra\u00eeche PetFoodie pour votre chien directement en ligne. Cliquez ici pour avoir une vue d'ensemble !","robots":{"index":"index","follow":"follow","max-snippet":"max-snippet:-1","max-image-preview":"max-image-preview:large","max-video-preview":"max-video-preview:-1"},"canonical":"https:\/\/petfoodie.be\/fr\/points-de-vente-daliments-pour-chiens\/","og_locale":"fr_FR","og_type":"article","og_title":"Achetez ici de la viande fra\u00eeche PetFoodie pour votre chien","og_description":"Trouvez un point de vente PetFoodie pr\u00e8s de chez vous. Ou commandez de la viande fra\u00eeche PetFoodie pour votre chien directement en ligne. Cliquez ici pour avoir une vue d'ensemble !","og_url":"https:\/\/petfoodie.be\/fr\/points-de-vente-daliments-pour-chiens\/","og_site_name":"PetFoodie","article_modified_time":"2025-03-14T07:38:20+00:00","twitter_card":"summary_large_image","schema":{"@context":"https:\/\/schema.org","@graph":[{"@type":"WebPage","@id":"https:\/\/petfoodie.be\/fr\/points-de-vente-daliments-pour-chiens\/","url":"https:\/\/petfoodie.be\/fr\/points-de-vente-daliments-pour-chiens\/","name":"Achetez ici de la viande fra\u00eeche PetFoodie pour votre chien","isPartOf":{"@id":"https:\/\/petfoodie.be\/fr\/#website"},"datePublished":"2024-11-15T10:46:59+00:00","dateModified":"2025-03-14T07:38:20+00:00","description":"Trouvez un point de vente PetFoodie pr\u00e8s de chez vous. Ou commandez de la viande fra\u00eeche PetFoodie pour votre chien directement en ligne. Cliquez ici pour avoir une vue d'ensemble !","breadcrumb":{"@id":"https:\/\/petfoodie.be\/fr\/points-de-vente-daliments-pour-chiens\/#breadcrumb"},"inLanguage":"fr-FR","potentialAction":[{"@type":"ReadAction","target":["https:\/\/petfoodie.be\/fr\/points-de-vente-daliments-pour-chiens\/"]}]},{"@type":"BreadcrumbList","@id":"https:\/\/petfoodie.be\/fr\/points-de-vente-daliments-pour-chiens\/#breadcrumb","itemListElement":[{"@type":"ListItem","position":1,"name":"Home","item":"https:\/\/petfoodie.be\/fr\/"},{"@type":"ListItem","position":2,"name":"Points de vente d&#8217;aliments pour chiens"}]},{"@type":"WebSite","@id":"https:\/\/petfoodie.be\/fr\/#website","url":"https:\/\/petfoodie.be\/fr\/","name":"PetFoodie","description":"","potentialAction":[{"@type":"SearchAction","target":{"@type":"EntryPoint","urlTemplate":"https:\/\/petfoodie.be\/fr\/?s={search_term_string}"},"query-input":{"@type":"PropertyValueSpecification","valueRequired":true,"valueName":"search_term_string"}}],"inLanguage":"fr-FR"}]}},"_links":{"self":[{"href":"https:\/\/petfoodie.be\/fr\/wp-json\/wp\/v2\/pages\/3204","targetHints":{"allow":["GET"]}}],"collection":[{"href":"https:\/\/petfoodie.be\/fr\/wp-json\/wp\/v2\/pages"}],"about":[{"href":"https:\/\/petfoodie.be\/fr\/wp-json\/wp\/v2\/types\/page"}],"author":[{"embeddable":true,"href":"https:\/\/petfoodie.be\/fr\/wp-json\/wp\/v2\/users\/4"}],"replies":[{"embeddable":true,"href":"https:\/\/petfoodie.be\/fr\/wp-json\/wp\/v2\/comments?post=3204"}],"version-history":[{"count":1,"href":"https:\/\/petfoodie.be\/fr\/wp-json\/wp\/v2\/pages\/3204\/revisions"}],"predecessor-version":[{"id":3205,"href":"https:\/\/petfoodie.be\/fr\/wp-json\/wp\/v2\/pages\/3204\/revisions\/3205"}],"wp:attachment":[{"href":"https:\/\/petfoodie.be\/fr\/wp-json\/wp\/v2\/media?parent=3204"}],"curies":[{"name":"wp","href":"https:\/\/api.w.org\/{rel}","templated":true}]}}