{"id":3133,"date":"2025-01-06T05:17:05","date_gmt":"2025-01-06T04:17:05","guid":{"rendered":"https:\/\/petfoodie.be\/?page_id=3133"},"modified":"2025-04-01T10:03:00","modified_gmt":"2025-04-01T08:03:00","slug":"actualites","status":"publish","type":"page","link":"https:\/\/petfoodie.be\/fr\/actualites\/","title":{"rendered":"Actualit\u00e9s"},"content":{"rendered":"\n<h1 class=\"wp-block-heading\"><strong>Reste inform\u00e9 sur PetFoodie<\/strong><\/h1>\n\n\n\n<p>Tu trouveras ici tout ce qui se passe chez nous et chez PetFoodie. D\u00e9couvre ce qui nous motive, ce qui nous pr\u00e9occupe et ce qui fait la force de PetFoodie. Nous t&rsquo;informons volontiers sur nos \u00e9v\u00e9nements sp\u00e9ciaux, nos partenaires et nos points de vente. Et bien s\u00fbr, nous te tiendrons au courant de tout ce qui se passe pour notre \u00e9quipe et leurs amis \u00e0 quatre pattes. Garde un \u0153il sur tous les sujets importants de PetFoodie.<\/p>\n\n\n\n<div style=\"height:50px\" aria-hidden=\"true\" class=\"wp-block-spacer\"><\/div>\n\n\n\n<div class=\"wp-block-group alignfull tweekolom has-background is-content-justification-center is-nowrap is-layout-flex wp-container-core-group-is-layout-065bca85 wp-block-group-is-layout-flex\" style=\"background-color:#c9bdde\">\n<div class=\"wp-block-columns is-layout-flex wp-container-core-columns-is-layout-9d6595d7 wp-block-columns-is-layout-flex\">\n<div class=\"wp-block-column is-vertically-aligned-center is-layout-flow wp-block-column-is-layout-flow\">\n<div class=\"wp-block-media-text alignfull is-stacked-on-mobile is-vertically-aligned-center\"><figure class=\"wp-block-media-text__media\"><img decoding=\"async\" src=\"https:\/\/petfoodie.be\/wp-content\/uploads\/2025\/01\/PetFoodie-online-bei-Amazon-bestellbar.jpg\" alt=\"\" class=\"wp-image-2398 size-full\"\/><\/figure><div class=\"wp-block-media-text__content\">\n<h2 class=\"wp-block-heading\"><strong>Disponible d\u00e8s maintenant : PetFoodie sur Amazon<\/strong><\/h2>\n\n\n\n<p>Nous sommes tr\u00e8s heureux de t&rsquo;annoncer que depuis le 11 d\u00e9cembre 2024, tu peux commander nos produits PetFoodie \u00e0 base de viande fra\u00eeche pour chiens et chats directement sur <a href=\"https:\/\/www.amazon.de\/stores\/page\/5D76A7E5-1E8A-4D77-B7A6-B19043C307EB?tag=petfoodie-21-21\" target=\"_blank\" rel=\"noreferrer noopener\">Amazon<\/a>. Command\u00e9 aujourd&rsquo;hui &#8211; livr\u00e9 demain. Ton animal va adorer PetFoodie !<\/p>\n\n\n\n<p><a id=\"_msocom_1\"><\/a><\/p>\n<\/div><\/div>\n<\/div>\n<\/div>\n<\/div>\n\n\n\n<div class=\"wp-block-group alignfull tweekolom has-background is-content-justification-center is-nowrap is-layout-flex wp-container-core-group-is-layout-065bca85 wp-block-group-is-layout-flex\" style=\"background-color:#f3b223\">\n<div class=\"wp-block-columns is-layout-flex wp-container-core-columns-is-layout-9d6595d7 wp-block-columns-is-layout-flex\">\n<div class=\"wp-block-column is-vertically-aligned-center is-layout-flow wp-block-column-is-layout-flow\">\n<div class=\"wp-block-media-text alignfull has-media-on-the-right is-stacked-on-mobile is-vertically-aligned-center\"><div class=\"wp-block-media-text__content\">\n<h2 class=\"wp-block-heading\"><strong><strong>R\u00e9trospective : La production tourne \u00e0 plein r\u00e9gime<\/strong><\/strong><\/h2>\n\n\n\n<p>Chaque jour, nous sommes fiers de voir que les produits finis PetFoodie sont fra\u00eechement fabriqu\u00e9s, emball\u00e9s et envoy\u00e9s aux propri\u00e9taires de chiens et de chats. Je me demande quels chiens et chats peuvent se r\u00e9jouir chaque jour de leur d\u00e9licieux repas ? N&rsquo;h\u00e9site pas \u00e0 partager ton exp\u00e9rience et \u00e0 nous raconter ton histoire PetFoodie avec ton animal.<\/p>\n\n\n\n<p><a id=\"_msocom_1\"><\/a><\/p>\n<\/div><figure class=\"wp-block-media-text__media\"><img decoding=\"async\" src=\"https:\/\/petfoodie.be\/wp-content\/uploads\/2025\/01\/PetFoodie-Produktion-laeuft-auf-Hochtouren-1.jpg\" alt=\"\" class=\"wp-image-2399 size-full\"\/><\/figure><\/div>\n<\/div>\n<\/div>\n<\/div>\n\n\n\n<div class=\"wp-block-group alignfull tweekolom has-background is-content-justification-center is-nowrap is-layout-flex wp-container-core-group-is-layout-065bca85 wp-block-group-is-layout-flex\" style=\"background-color:#c9bdde\">\n<div class=\"wp-block-columns is-layout-flex wp-container-core-columns-is-layout-9d6595d7 wp-block-columns-is-layout-flex\">\n<div class=\"wp-block-column is-vertically-aligned-center store-news is-layout-flow wp-block-column-is-layout-flow\">\n<div class=\"wp-block-media-text alignfull is-stacked-on-mobile is-vertically-aligned-center is-image-fill-element\"><figure class=\"wp-block-media-text__media\"><img decoding=\"async\" src=\"https:\/\/petfoodie.be\/wp-content\/uploads\/2025\/01\/PetFoodie-bei-Deflo-in-Ulm-erhaeltlich.jpg\" alt=\"\" class=\"wp-image-2401 size-full\" style=\"object-position:50% 50%\"\/><\/figure><div class=\"wp-block-media-text__content\">\n<p><\/p>\n\n\n\n<h2 class=\"wp-block-heading\">PetFoodie disponible dans de nombreux lieux<\/h2>\n\n\n\n<style type=\"text\/css\">\n  body #asl-storelocator.asl-cont.asl-template-0 {--sl-font-size: 13px;--sl-title-size: 15px;--sl-btn-size: 13px;--sl-primary: #8A1B02;--sl-header: #F7F7F7;--sl-header-color: #32373c;--sl-infobox-color: #555d66;--sl-infobox-bg: #FFFFFF;--sl-infobox-a: #8A1B02;--sl-action-btn-color: #32373c;--sl-action-btn-bg: #8A1B02;--sl-color: #32373c;--sl-list-bg: #FFFFFF;--sl-list-title: #8A1B02;--sl-list-sub-title: #6a6a6a;--sl-highlighted: #F7F7F7;}.asl-cont .sl-direction,.asl-cont .s-direction, .asl-buttons .directions {display: none !important;}.asl-buttons .zoomhere {display: none !important;}.asl-p-cont .asl-print-btn,.asl-cont .asl-print-btn {display: none !important;}  #asl-storelocator.asl-cont .sl-main-cont .asl-panel.pol-lg-12 {order: 0;}\n  #asl-storelocator.asl-cont .sl-main-cont .asl-panel.pol-lg-12 .asl-panel-inner{ position: relative;height: 450px;}\n  .asl-cont .onoffswitch .onoffswitch-label .onoffswitch-switch:before {content: \"OUVRIR\" !important;}\n  .asl-cont .onoffswitch .onoffswitch-label .onoffswitch-switch:after {content: \"TOUS\" !important;}\n  @media (max-width: 767px) {\n    #asl-storelocator.asl-cont .asl-panel {order: 0;}\n  }\n  .asl-cont.sl-search-only .Filter_section + .sl-row {display: none;}\n  .asl-cont .sl-hide-branches,\n  .asl-cont .sl-hide-branches:hover {color: #FFF !important; text-decoration: none !important;cursor: pointer;}\n<\/style>\n<div id=\"asl-storelocator\" class=\"storelocator-main asl-cont asl-template-0 asl-layout-0 asl-bg-0 full-width no-asl-filters  asl-text-1\">\n  <div class=\"asl-wrapper\">\n    <div class=\"sl-container-fluid\">\n            <div class=\"sl-gdpr-cont\">\n          <div class=\"gdpr-ol\"><\/div>\n          <div class=\"gdpr-ol-bg\">\n            <div class=\"gdpr-box\">\n              <p>Due to the GDPR, we need your consent to load data from Google, more information in our privacy policy.<\/p>\n              <a class=\"btn btn-asl\" id=\"sl-btn-gdpr\">Charger le localisateur de magasin<\/a>\n            <\/div>\n          <\/div>\n      <\/div>\n                  <div class=\"sl-row\">\n        <div class=\"pol-12\">\n            <div class=\"sl-main-cont\">\n                <div class=\"sl-row no-gutters sl-main-row\">\n                    <div id=\"asl-panel\" class=\"asl-panel pol-md-5 pol-lg-4 asl_locator-panel\">\n                        <div class=\"asl-overlay\" id=\"map-loading\">\n                            <div class=\"white\"><\/div>\n                            <div class=\"sl-loading\">\n                              <i class=\"animate-sl-spin icon-spin3\"><\/i>\n                              Chargement...                            <\/div>\n                        <\/div>\n                                                <div class=\"inside search_filter\">\n                          <label for=\"auto-complete-search\" class=\"mb-2\">Emplacement de recherche<\/label>\n                          <div class=\"asl-store-search\">\n                            <input type=\"text\" value=\"\" id=\"auto-complete-search\" class=\"asl-search-address form-control\" placeholder=\"Entrez un lieu\">\n                            <button type=\"button\" class=\"span-geo\"><i class=\"asl-geo icon-search\" title=\"Emplacement de recherche\"><\/i><\/button>\n                          <\/div>\n                        <\/div>\n                                                <!-- list -->\n                        <div class=\"asl-panel-inner\">\n                            <div class=\"top-title Num_of_store\">\n                              <span><span class=\"sl-head-title\">Number Of Shops<\/span>: <span class=\"count-result\">0<\/span><\/span>\n                                                          <\/div>\n                            <div class=\"sl-main-cont-box\">\n                              <div id=\"asl-list\" class=\"sl-list-wrapper\">\n                                <ul id=\"p-statelist\" class=\"sl-list\">\n                                <\/ul>\n                              <\/div>\n                            <\/div>\n                        <\/div>\n\n                        <div class=\"directions-cont hide\">\n                            <div class=\"agile-modal-header\">\n                                <button type=\"button\" class=\"close\"><span aria-hidden=\"true\">\u00d7<\/span><\/button>\n                                <h4>Direction du magasin<\/h4>\n                            <\/div>\n                            <div class=\"rendered-directions\" id=\"asl-rendered-dir\" style=\"direction: ltr;\"><\/div>\n                        <\/div>\n                    <\/div>\n                    <div class=\"pol-md-7 pol-lg-8 asl-map\">\n                        <div class=\"map-image\">\n                            <div id=\"asl-map-canv\" class=\"asl-map-canv\"><\/div>\n                            <div id=\"agile-modal-direction\" class=\"agile-modal fade\">\n    <div class=\"agile-modal-backdrop-in\"><\/div>\n    <div class=\"agile-modal-dialog in\">\n        <div class=\"agile-modal-content\">\n            <div class=\"sl-form-group d-flex justify-content-between\">\n                <h4 >OBTENIR DES DIRECTIONS<\/h4>\n                <button type=\"button\" class=\"close-directions sl-close\" data-dismiss=\"agile-modal\" aria-label=\"Close\">&times;<\/button>\n            <\/div>\n            <div class=\"sl-form-group\">\n                <label for=\"frm-lbl\">Depuis:<\/label>\n                <input type=\"text\" class=\"form-control frm-place\" id=\"frm-lbl\" placeholder=\"Entrez un lieu\">\n            <\/div>\n            <div class=\"sl-form-group\">\n                <label for=\"to-lbl\">Pour:<\/label>\n                <input readonly=\"true\" type=\"text\"  class=\"directions-to form-control\" id=\"to-lbl\" placeholder=\"Adresse de destination pr\u00e9remplie\">\n            <\/div>\n            <div class=\"sl-form-group mb-0\">\n                <label for=\"rbtn-km\" class=\"checkbox-inline\">\n                    <input type=\"radio\" name=\"dist-type\"  id=\"rbtn-km\" value=\"0\"> Km                <\/label>\n                <label for=\"rbtn-mile\" class=\"checkbox-inline\">\n                    <input type=\"radio\" name=\"dist-type\" checked id=\"rbtn-mile\" value=\"1\"> Milles                <\/label>\n            <\/div>\n            <div class=\"sl-form-group mb-0\">\n                <button type=\"submit\" class=\"btn btn-default btn-submit\">OBTENIR DES DIRECTIONS<\/button>\n            <\/div>\n        <\/div>\n    <\/div>\n<\/div>\n\n<div id=\"asl-geolocation-agile-modal\" class=\"agile-modal fade\">\n  <div class=\"agile-modal-backdrop-in\"><\/div>\n  <div class=\"agile-modal-dialog in\">\n    <div class=\"agile-modal-content\">\n            <div class=\"sl-form-group d-flex justify-content-between\">\n        <h5>Utilisez ma position pour trouver le fournisseur de services le plus proche de chez moi<\/h5>\n        <button type=\"button\" class=\"close-directions sl-close\" data-dismiss=\"agile-modal\" aria-label=\"Close\">&times;<\/button>\n      <\/div>\n      <div class=\"sl-form-group text-center mb-0\">\n        <button type=\"button\" id=\"asl-btn-geolocation\" class=\"btn btn-block btn-default\">UTILISER L&#039;EMPLACEMENT<\/button>\n      <\/div>\n          <\/div>\n  <\/div>\n<\/div>\n\n<div id=\"asl-desc-agile-modal\" class=\"agile-modal fade\">\n  <div class=\"agile-modal-backdrop-in\"><\/div>\n  <div class=\"agile-modal-dialog in\">\n    <div class=\"agile-modal-content\">\n      <div class=\"sl-row\">\n        <div class=\"pol-md-12\">\n          <div class=\"sl-form-group d-flex justify-content-between\">\n            <h4 class=\"sl-title\">Description<\/h4>\n            <button type=\"button\" class=\"close-directions sl-close\" data-dismiss=\"agile-modal\" aria-label=\"Close\">&times;<\/button>\n          <\/div>\n          <div class=\"sl-desc\"><\/div>\n        <\/div>\n      <\/div>\n    <\/div>\n  <\/div>\n<\/div>                        <\/div>\n                    <\/div>\n                <\/div>\n            <\/div>\n        <\/div>\n      <\/div>\n    <\/div>\n      <\/div>\n<\/div>\n<!-- This plugin is developed by \"Agile Store Locator for WordPress\" https:\/\/agilestorelocator.com -->\n\n\n\n<p><\/p>\n<\/div><\/div>\n<\/div>\n<\/div>\n<\/div>\n\n\n\n<div style=\"height:50px\" aria-hidden=\"true\" class=\"wp-block-spacer\"><\/div>\n\n\n\n<h2 class=\"wp-block-heading\">Vous nous suivez d\u00e9j\u00e0 sur les m\u00e9dias sociaux ?<\/h2>\n\n\n<p>[wp_social_ninja id=\u00a0\u00bb3351&Prime; platform=\u00a0\u00bbinstagram\u00a0\u00bb]<\/p>\n\n\n\n<div style=\"height:80px\" aria-hidden=\"true\" class=\"wp-block-spacer\"><\/div>\n\n\n<p>[wp_social_ninja id=\u00a0\u00bb3355&Prime; platform=\u00a0\u00bbfacebook_feed\u00a0\u00bb]<\/p>\n\n\n\n<div style=\"height:50px\" aria-hidden=\"true\" class=\"wp-block-spacer\"><\/div>\n","protected":false},"excerpt":{"rendered":"<p>Reste inform\u00e9 sur PetFoodie Tu trouveras ici tout ce qui se passe chez nous et chez PetFoodie. D\u00e9couvre ce qui [&hellip;]<\/p>\n","protected":false},"author":4,"featured_media":0,"parent":0,"menu_order":0,"comment_status":"closed","ping_status":"closed","template":"","meta":{"_acf_changed":false,"footnotes":""},"class_list":["post-3133","page","type-page","status-publish","hentry"],"acf":[],"yoast_head":"<!-- This site is optimized with the Yoast SEO plugin v27.2 - https:\/\/yoast.com\/product\/yoast-seo-wordpress\/ -->\n<title>Nouvelles et mises \u00e0 jour sur PetFoodie<\/title>\n<meta name=\"description\" content=\"Toutes les nouvelles, les \u00e9v\u00e9nements amusants et les rapports int\u00e9ressants sur les produits et la marque PetFoodie peuvent \u00eatre trouv\u00e9s ici. Restez inform\u00e9 sur PetFoodie !\" \/>\n<meta name=\"robots\" content=\"index, follow, max-snippet:-1, max-image-preview:large, max-video-preview:-1\" \/>\n<link rel=\"canonical\" href=\"https:\/\/petfoodie.be\/fr\/actualites\/\" \/>\n<meta property=\"og:locale\" content=\"fr_FR\" \/>\n<meta property=\"og:type\" content=\"article\" \/>\n<meta property=\"og:title\" content=\"Nouvelles et mises \u00e0 jour sur PetFoodie\" \/>\n<meta property=\"og:description\" content=\"Toutes les nouvelles, les \u00e9v\u00e9nements amusants et les rapports int\u00e9ressants sur les produits et la marque PetFoodie peuvent \u00eatre trouv\u00e9s ici. Restez inform\u00e9 sur PetFoodie !\" \/>\n<meta property=\"og:url\" content=\"https:\/\/petfoodie.be\/fr\/actualites\/\" \/>\n<meta property=\"og:site_name\" content=\"PetFoodie\" \/>\n<meta property=\"article:modified_time\" content=\"2025-04-01T08:03:00+00:00\" \/>\n<meta property=\"og:image\" content=\"https:\/\/petfoodie.be\/wp-content\/uploads\/2025\/01\/Petfoodie-online-bei-Amazon-bestellbar.jpg\" \/>\n\t<meta property=\"og:image:width\" content=\"940\" \/>\n\t<meta property=\"og:image:height\" content=\"465\" \/>\n\t<meta property=\"og:image:type\" content=\"image\/jpeg\" \/>\n<meta name=\"twitter:card\" content=\"summary_large_image\" \/>\n<meta name=\"twitter:label1\" content=\"Dur\u00e9e de lecture estim\u00e9e\" \/>\n\t<meta name=\"twitter:data1\" content=\"2 minutes\" \/>\n<script type=\"application\/ld+json\" class=\"yoast-schema-graph\">{\"@context\":\"https:\/\/schema.org\",\"@graph\":[{\"@type\":\"WebPage\",\"@id\":\"https:\/\/petfoodie.be\/fr\/actualites\/\",\"url\":\"https:\/\/petfoodie.be\/fr\/actualites\/\",\"name\":\"Nouvelles et mises \u00e0 jour sur PetFoodie\",\"isPartOf\":{\"@id\":\"https:\/\/petfoodie.be\/fr\/#website\"},\"primaryImageOfPage\":{\"@id\":\"https:\/\/petfoodie.be\/fr\/actualites\/#primaryimage\"},\"image\":{\"@id\":\"https:\/\/petfoodie.be\/fr\/actualites\/#primaryimage\"},\"thumbnailUrl\":\"https:\/\/petfoodie.be\/wp-content\/uploads\/2025\/01\/PetFoodie-online-bei-Amazon-bestellbar.jpg\",\"datePublished\":\"2025-01-06T04:17:05+00:00\",\"dateModified\":\"2025-04-01T08:03:00+00:00\",\"description\":\"Toutes les nouvelles, les \u00e9v\u00e9nements amusants et les rapports int\u00e9ressants sur les produits et la marque PetFoodie peuvent \u00eatre trouv\u00e9s ici. Restez inform\u00e9 sur PetFoodie !\",\"breadcrumb\":{\"@id\":\"https:\/\/petfoodie.be\/fr\/actualites\/#breadcrumb\"},\"inLanguage\":\"fr-FR\",\"potentialAction\":[{\"@type\":\"ReadAction\",\"target\":[\"https:\/\/petfoodie.be\/fr\/actualites\/\"]}]},{\"@type\":\"ImageObject\",\"inLanguage\":\"fr-FR\",\"@id\":\"https:\/\/petfoodie.be\/fr\/actualites\/#primaryimage\",\"url\":\"https:\/\/petfoodie.be\/wp-content\/uploads\/2025\/01\/PetFoodie-online-bei-Amazon-bestellbar.jpg\",\"contentUrl\":\"https:\/\/petfoodie.be\/wp-content\/uploads\/2025\/01\/PetFoodie-online-bei-Amazon-bestellbar.jpg\"},{\"@type\":\"BreadcrumbList\",\"@id\":\"https:\/\/petfoodie.be\/fr\/actualites\/#breadcrumb\",\"itemListElement\":[{\"@type\":\"ListItem\",\"position\":1,\"name\":\"Home\",\"item\":\"https:\/\/petfoodie.be\/fr\/\"},{\"@type\":\"ListItem\",\"position\":2,\"name\":\"Actualit\u00e9s\"}]},{\"@type\":\"WebSite\",\"@id\":\"https:\/\/petfoodie.be\/fr\/#website\",\"url\":\"https:\/\/petfoodie.be\/fr\/\",\"name\":\"PetFoodie\",\"description\":\"\",\"potentialAction\":[{\"@type\":\"SearchAction\",\"target\":{\"@type\":\"EntryPoint\",\"urlTemplate\":\"https:\/\/petfoodie.be\/fr\/?s={search_term_string}\"},\"query-input\":{\"@type\":\"PropertyValueSpecification\",\"valueRequired\":true,\"valueName\":\"search_term_string\"}}],\"inLanguage\":\"fr-FR\"}]}<\/script>\n<!-- \/ Yoast SEO plugin. -->","yoast_head_json":{"title":"Nouvelles et mises \u00e0 jour sur PetFoodie","description":"Toutes les nouvelles, les \u00e9v\u00e9nements amusants et les rapports int\u00e9ressants sur les produits et la marque PetFoodie peuvent \u00eatre trouv\u00e9s ici. Restez inform\u00e9 sur PetFoodie !","robots":{"index":"index","follow":"follow","max-snippet":"max-snippet:-1","max-image-preview":"max-image-preview:large","max-video-preview":"max-video-preview:-1"},"canonical":"https:\/\/petfoodie.be\/fr\/actualites\/","og_locale":"fr_FR","og_type":"article","og_title":"Nouvelles et mises \u00e0 jour sur PetFoodie","og_description":"Toutes les nouvelles, les \u00e9v\u00e9nements amusants et les rapports int\u00e9ressants sur les produits et la marque PetFoodie peuvent \u00eatre trouv\u00e9s ici. Restez inform\u00e9 sur PetFoodie !","og_url":"https:\/\/petfoodie.be\/fr\/actualites\/","og_site_name":"PetFoodie","article_modified_time":"2025-04-01T08:03:00+00:00","og_image":[{"width":940,"height":465,"url":"https:\/\/petfoodie.be\/wp-content\/uploads\/2025\/01\/Petfoodie-online-bei-Amazon-bestellbar.jpg","type":"image\/jpeg"}],"twitter_card":"summary_large_image","twitter_misc":{"Dur\u00e9e de lecture estim\u00e9e":"2 minutes"},"schema":{"@context":"https:\/\/schema.org","@graph":[{"@type":"WebPage","@id":"https:\/\/petfoodie.be\/fr\/actualites\/","url":"https:\/\/petfoodie.be\/fr\/actualites\/","name":"Nouvelles et mises \u00e0 jour sur PetFoodie","isPartOf":{"@id":"https:\/\/petfoodie.be\/fr\/#website"},"primaryImageOfPage":{"@id":"https:\/\/petfoodie.be\/fr\/actualites\/#primaryimage"},"image":{"@id":"https:\/\/petfoodie.be\/fr\/actualites\/#primaryimage"},"thumbnailUrl":"https:\/\/petfoodie.be\/wp-content\/uploads\/2025\/01\/PetFoodie-online-bei-Amazon-bestellbar.jpg","datePublished":"2025-01-06T04:17:05+00:00","dateModified":"2025-04-01T08:03:00+00:00","description":"Toutes les nouvelles, les \u00e9v\u00e9nements amusants et les rapports int\u00e9ressants sur les produits et la marque PetFoodie peuvent \u00eatre trouv\u00e9s ici. Restez inform\u00e9 sur PetFoodie !","breadcrumb":{"@id":"https:\/\/petfoodie.be\/fr\/actualites\/#breadcrumb"},"inLanguage":"fr-FR","potentialAction":[{"@type":"ReadAction","target":["https:\/\/petfoodie.be\/fr\/actualites\/"]}]},{"@type":"ImageObject","inLanguage":"fr-FR","@id":"https:\/\/petfoodie.be\/fr\/actualites\/#primaryimage","url":"https:\/\/petfoodie.be\/wp-content\/uploads\/2025\/01\/PetFoodie-online-bei-Amazon-bestellbar.jpg","contentUrl":"https:\/\/petfoodie.be\/wp-content\/uploads\/2025\/01\/PetFoodie-online-bei-Amazon-bestellbar.jpg"},{"@type":"BreadcrumbList","@id":"https:\/\/petfoodie.be\/fr\/actualites\/#breadcrumb","itemListElement":[{"@type":"ListItem","position":1,"name":"Home","item":"https:\/\/petfoodie.be\/fr\/"},{"@type":"ListItem","position":2,"name":"Actualit\u00e9s"}]},{"@type":"WebSite","@id":"https:\/\/petfoodie.be\/fr\/#website","url":"https:\/\/petfoodie.be\/fr\/","name":"PetFoodie","description":"","potentialAction":[{"@type":"SearchAction","target":{"@type":"EntryPoint","urlTemplate":"https:\/\/petfoodie.be\/fr\/?s={search_term_string}"},"query-input":{"@type":"PropertyValueSpecification","valueRequired":true,"valueName":"search_term_string"}}],"inLanguage":"fr-FR"}]}},"_links":{"self":[{"href":"https:\/\/petfoodie.be\/fr\/wp-json\/wp\/v2\/pages\/3133","targetHints":{"allow":["GET"]}}],"collection":[{"href":"https:\/\/petfoodie.be\/fr\/wp-json\/wp\/v2\/pages"}],"about":[{"href":"https:\/\/petfoodie.be\/fr\/wp-json\/wp\/v2\/types\/page"}],"author":[{"embeddable":true,"href":"https:\/\/petfoodie.be\/fr\/wp-json\/wp\/v2\/users\/4"}],"replies":[{"embeddable":true,"href":"https:\/\/petfoodie.be\/fr\/wp-json\/wp\/v2\/comments?post=3133"}],"version-history":[{"count":13,"href":"https:\/\/petfoodie.be\/fr\/wp-json\/wp\/v2\/pages\/3133\/revisions"}],"predecessor-version":[{"id":3362,"href":"https:\/\/petfoodie.be\/fr\/wp-json\/wp\/v2\/pages\/3133\/revisions\/3362"}],"wp:attachment":[{"href":"https:\/\/petfoodie.be\/fr\/wp-json\/wp\/v2\/media?parent=3133"}],"curies":[{"name":"wp","href":"https:\/\/api.w.org\/{rel}","templated":true}]}}