{"id":2834,"date":"2024-03-27T11:37:58","date_gmt":"2024-03-27T10:37:58","guid":{"rendered":"https:\/\/petfoodie.be\/?page_id=2834"},"modified":"2025-02-26T14:06:37","modified_gmt":"2025-02-26T13:06:37","slug":"pour-les-chats","status":"publish","type":"page","link":"https:\/\/petfoodie.be\/fr\/pour-les-chats\/","title":{"rendered":"POUR LES CHATS"},"content":{"rendered":"\n<h1 class=\"wp-block-heading has-text-align-center\">POUR LES CHATS <\/h1>\n\n\n\n<div class=\"wp-block-columns is-layout-flex wp-container-core-columns-is-layout-9d6595d7 wp-block-columns-is-layout-flex\">\n<div class=\"wp-block-column is-layout-flow wp-block-column-is-layout-flow\" style=\"flex-basis:20%\"><\/div>\n\n\n\n<div class=\"wp-block-column is-layout-flow wp-block-column-is-layout-flow\" style=\"flex-basis:60%\">\n<p class=\"has-text-align-center\"><\/p>\n\n\n\n<p class=\"has-text-align-center\">Ce n\u2019est pas un secret : les chats sont plus exigeants que les chiens en terme de nourriture. C\u2019est pourquoi chez PetFoodie, nous proposons des produits ultra savoureux, appr\u00e9ci\u00e9s par les chats. Les produits pour chats PetFoodie sont tous des repas complets, ce qui signifie qu\u2019il ne faut rien y ajouter. Tout est \u00e0 base de viande fra\u00eeche 100% naturelle. De la vraie viande pour du bonheur \u00e0 l\u2019\u00e9tat pur ! Cr\u00e9ez des moments m\u00e9morables avec votre compagnon \u00e0 quatre pattes.<\/p>\n\n\n\n<p class=\"has-text-align-center\">Conseil : les parfums lib\u00e8rent tous leurs ar\u00f4mes lorsque la temp\u00e9rature du produit PetFoodie est optimale. Attendez un peu avant de le donner \u00e0 votre chat afin qu\u2019il puisse profiter de tous ses ar\u00f4mes.<\/p>\n<\/div>\n\n\n\n<div class=\"wp-block-column is-layout-flow wp-block-column-is-layout-flow\" style=\"flex-basis:20%\"><\/div>\n<\/div>\n\n\n\n<div style=\"height:25px\" aria-hidden=\"true\" class=\"wp-block-spacer\"><\/div>\n\n\n<div class=\"facetwp-facet facetwp-facet-filter_kat facetwp-type-radio\" data-name=\"filter_kat\" data-type=\"radio\"><\/div>\n\n\n\n<div style=\"height:25px\" aria-hidden=\"true\" class=\"wp-block-spacer\"><\/div>\n\n\n<div class=\"facetwp-template\" data-name=\"producten_kat\"><section class=\"producten overzicht\" style=\"padding-top: 0px;\">\n\n<div class=\"row productoverzicht\">\n\n\n    <div class=\"product col-md-3 col-6\" onclick=\"location.href='https:\/\/petfoodie.be\/fr\/produitschats\/chunkies-poulet\/';\">\n\n        <div class=\"afbeelding\">\n            <a href=\"https:\/\/petfoodie.be\/fr\/produitschats\/chunkies-poulet\/\">\n\n                                                        <img decoding=\"async\" class=\"productafbeelding\" src=\"https:\/\/petfoodie.be\/wp-content\/uploads\/2024\/04\/Petfoodie-Cat-Chunkies-300g-Kip-2-300x300.png\" alt=\"Chunkies\">\n\n                        <img decoding=\"async\" src=\"https:\/\/petfoodie.be\/wp-content\/uploads\/2024\/04\/230815-vvbrokjes-kip-met-groenten-1835.png\" class=\"producthover\" alt=\"230815-vvbrokjes-kip met groenten-1835\">                \n            <\/a>\n            <div class=\"cirkel\"><\/div>\n        <\/div>\n        \n        <div class=\"meta\">\n            <div class=\"titel\">\n                Chunkies            <\/div>\n            <div class=\"sub\">\n                Poulet            <\/div>\n            <div class=\"sort\">\n\n\nComplete Meal \n\n\n\n            <\/div>\n        <\/div>\n\n    <\/div>\n\n\n\n\n\n    <div class=\"product col-md-3 col-6\" onclick=\"location.href='https:\/\/petfoodie.be\/fr\/produitschats\/chunkies-dinde\/';\">\n\n        <div class=\"afbeelding\">\n            <a href=\"https:\/\/petfoodie.be\/fr\/produitschats\/chunkies-dinde\/\">\n\n                                                        <img decoding=\"async\" class=\"productafbeelding\" src=\"https:\/\/petfoodie.be\/wp-content\/uploads\/2024\/04\/Petfoodie-Cat-Chunkies-300g-Kalkoen-2-300x300.png\" alt=\"Chunkies\">\n\n                        <img decoding=\"async\" src=\"https:\/\/petfoodie.be\/wp-content\/uploads\/2024\/04\/230815-vvbrokjes-kip-met-groenten-1835.png\" class=\"producthover\" alt=\"230815-vvbrokjes-kip met groenten-1835\">                \n            <\/a>\n            <div class=\"cirkel\"><\/div>\n        <\/div>\n        \n        <div class=\"meta\">\n            <div class=\"titel\">\n                Chunkies            <\/div>\n            <div class=\"sub\">\n                Dinde            <\/div>\n            <div class=\"sort\">\n\n\nComplete Meal \n\n\n\n            <\/div>\n        <\/div>\n\n    <\/div>\n\n\n\n\n\n    <div class=\"product col-md-3 col-6\" onclick=\"location.href='https:\/\/petfoodie.be\/fr\/produitschats\/chunkies-saumon\/';\">\n\n        <div class=\"afbeelding\">\n            <a href=\"https:\/\/petfoodie.be\/fr\/produitschats\/chunkies-saumon\/\">\n\n                                                        <img decoding=\"async\" class=\"productafbeelding\" src=\"https:\/\/petfoodie.be\/wp-content\/uploads\/2024\/04\/Petfoodie-Cat-Chunkies-300g-Zalm-2-300x300.png\" alt=\"Chunkies\">\n\n                        <img decoding=\"async\" src=\"https:\/\/petfoodie.be\/wp-content\/uploads\/2024\/04\/LamEend-2.png\" class=\"producthover\" alt=\"LamEend\">                \n            <\/a>\n            <div class=\"cirkel\"><\/div>\n        <\/div>\n        \n        <div class=\"meta\">\n            <div class=\"titel\">\n                Chunkies            <\/div>\n            <div class=\"sub\">\n                Saumon            <\/div>\n            <div class=\"sort\">\n\n\nComplete Meal \n\n\n\n            <\/div>\n        <\/div>\n\n    <\/div>\n\n\n\n<\/div>\n<\/section><\/div>\n","protected":false},"excerpt":{"rendered":"<p>POUR LES CHATS Ce n\u2019est pas un secret : les chats sont plus exigeants que les chiens en terme de [&hellip;]<\/p>\n","protected":false},"author":8,"featured_media":0,"parent":0,"menu_order":20,"comment_status":"closed","ping_status":"closed","template":"","meta":{"_acf_changed":false,"footnotes":""},"class_list":["post-2834","page","type-page","status-publish","hentry"],"acf":[],"yoast_head":"<!-- This site is optimized with the Yoast SEO plugin v27.2 - https:\/\/yoast.com\/product\/yoast-seo-wordpress\/ -->\n<title>Viande fra\u00eeche surgel\u00e9e pour chats - PetFoodie<\/title>\n<meta name=\"description\" content=\"100% de viande fra\u00eeche d\u00e9licieuse pour votre chat. Aliment complet en diff\u00e9rentes vari\u00e9t\u00e9s. Surgel\u00e9 et facile \u00e0 portionner. Seulement chez PetFoodie !\" \/>\n<meta name=\"robots\" content=\"index, follow, max-snippet:-1, max-image-preview:large, max-video-preview:-1\" \/>\n<link rel=\"canonical\" href=\"https:\/\/petfoodie.be\/fr\/pour-les-chats\/\" \/>\n<meta property=\"og:locale\" content=\"fr_FR\" \/>\n<meta property=\"og:type\" content=\"article\" \/>\n<meta property=\"og:title\" content=\"Viande fra\u00eeche surgel\u00e9e pour chats - PetFoodie\" \/>\n<meta property=\"og:description\" content=\"100% de viande fra\u00eeche d\u00e9licieuse pour votre chat. Aliment complet en diff\u00e9rentes vari\u00e9t\u00e9s. Surgel\u00e9 et facile \u00e0 portionner. Seulement chez PetFoodie !\" \/>\n<meta property=\"og:url\" content=\"https:\/\/petfoodie.be\/fr\/pour-les-chats\/\" \/>\n<meta property=\"og:site_name\" content=\"PetFoodie\" \/>\n<meta property=\"article:modified_time\" content=\"2025-02-26T13:06:37+00:00\" \/>\n<meta name=\"twitter:card\" content=\"summary_large_image\" \/>\n<meta name=\"twitter:label1\" content=\"Dur\u00e9e de lecture estim\u00e9e\" \/>\n\t<meta name=\"twitter:data1\" content=\"1 minute\" \/>\n<script type=\"application\/ld+json\" class=\"yoast-schema-graph\">{\"@context\":\"https:\/\/schema.org\",\"@graph\":[{\"@type\":\"WebPage\",\"@id\":\"https:\/\/petfoodie.be\/fr\/pour-les-chats\/\",\"url\":\"https:\/\/petfoodie.be\/fr\/pour-les-chats\/\",\"name\":\"Viande fra\u00eeche surgel\u00e9e pour chats - PetFoodie\",\"isPartOf\":{\"@id\":\"https:\/\/petfoodie.be\/fr\/#website\"},\"datePublished\":\"2024-03-27T10:37:58+00:00\",\"dateModified\":\"2025-02-26T13:06:37+00:00\",\"description\":\"100% de viande fra\u00eeche d\u00e9licieuse pour votre chat. Aliment complet en diff\u00e9rentes vari\u00e9t\u00e9s. Surgel\u00e9 et facile \u00e0 portionner. Seulement chez PetFoodie !\",\"breadcrumb\":{\"@id\":\"https:\/\/petfoodie.be\/fr\/pour-les-chats\/#breadcrumb\"},\"inLanguage\":\"fr-FR\",\"potentialAction\":[{\"@type\":\"ReadAction\",\"target\":[\"https:\/\/petfoodie.be\/fr\/pour-les-chats\/\"]}]},{\"@type\":\"BreadcrumbList\",\"@id\":\"https:\/\/petfoodie.be\/fr\/pour-les-chats\/#breadcrumb\",\"itemListElement\":[{\"@type\":\"ListItem\",\"position\":1,\"name\":\"Home\",\"item\":\"https:\/\/petfoodie.be\/fr\/\"},{\"@type\":\"ListItem\",\"position\":2,\"name\":\"POUR LES CHATS\"}]},{\"@type\":\"WebSite\",\"@id\":\"https:\/\/petfoodie.be\/fr\/#website\",\"url\":\"https:\/\/petfoodie.be\/fr\/\",\"name\":\"PetFoodie\",\"description\":\"\",\"potentialAction\":[{\"@type\":\"SearchAction\",\"target\":{\"@type\":\"EntryPoint\",\"urlTemplate\":\"https:\/\/petfoodie.be\/fr\/?s={search_term_string}\"},\"query-input\":{\"@type\":\"PropertyValueSpecification\",\"valueRequired\":true,\"valueName\":\"search_term_string\"}}],\"inLanguage\":\"fr-FR\"}]}<\/script>\n<!-- \/ Yoast SEO plugin. -->","yoast_head_json":{"title":"Viande fra\u00eeche surgel\u00e9e pour chats - PetFoodie","description":"100% de viande fra\u00eeche d\u00e9licieuse pour votre chat. Aliment complet en diff\u00e9rentes vari\u00e9t\u00e9s. Surgel\u00e9 et facile \u00e0 portionner. Seulement chez PetFoodie !","robots":{"index":"index","follow":"follow","max-snippet":"max-snippet:-1","max-image-preview":"max-image-preview:large","max-video-preview":"max-video-preview:-1"},"canonical":"https:\/\/petfoodie.be\/fr\/pour-les-chats\/","og_locale":"fr_FR","og_type":"article","og_title":"Viande fra\u00eeche surgel\u00e9e pour chats - PetFoodie","og_description":"100% de viande fra\u00eeche d\u00e9licieuse pour votre chat. Aliment complet en diff\u00e9rentes vari\u00e9t\u00e9s. Surgel\u00e9 et facile \u00e0 portionner. Seulement chez PetFoodie !","og_url":"https:\/\/petfoodie.be\/fr\/pour-les-chats\/","og_site_name":"PetFoodie","article_modified_time":"2025-02-26T13:06:37+00:00","twitter_card":"summary_large_image","twitter_misc":{"Dur\u00e9e de lecture estim\u00e9e":"1 minute"},"schema":{"@context":"https:\/\/schema.org","@graph":[{"@type":"WebPage","@id":"https:\/\/petfoodie.be\/fr\/pour-les-chats\/","url":"https:\/\/petfoodie.be\/fr\/pour-les-chats\/","name":"Viande fra\u00eeche surgel\u00e9e pour chats - PetFoodie","isPartOf":{"@id":"https:\/\/petfoodie.be\/fr\/#website"},"datePublished":"2024-03-27T10:37:58+00:00","dateModified":"2025-02-26T13:06:37+00:00","description":"100% de viande fra\u00eeche d\u00e9licieuse pour votre chat. Aliment complet en diff\u00e9rentes vari\u00e9t\u00e9s. Surgel\u00e9 et facile \u00e0 portionner. Seulement chez PetFoodie !","breadcrumb":{"@id":"https:\/\/petfoodie.be\/fr\/pour-les-chats\/#breadcrumb"},"inLanguage":"fr-FR","potentialAction":[{"@type":"ReadAction","target":["https:\/\/petfoodie.be\/fr\/pour-les-chats\/"]}]},{"@type":"BreadcrumbList","@id":"https:\/\/petfoodie.be\/fr\/pour-les-chats\/#breadcrumb","itemListElement":[{"@type":"ListItem","position":1,"name":"Home","item":"https:\/\/petfoodie.be\/fr\/"},{"@type":"ListItem","position":2,"name":"POUR LES CHATS"}]},{"@type":"WebSite","@id":"https:\/\/petfoodie.be\/fr\/#website","url":"https:\/\/petfoodie.be\/fr\/","name":"PetFoodie","description":"","potentialAction":[{"@type":"SearchAction","target":{"@type":"EntryPoint","urlTemplate":"https:\/\/petfoodie.be\/fr\/?s={search_term_string}"},"query-input":{"@type":"PropertyValueSpecification","valueRequired":true,"valueName":"search_term_string"}}],"inLanguage":"fr-FR"}]}},"_links":{"self":[{"href":"https:\/\/petfoodie.be\/fr\/wp-json\/wp\/v2\/pages\/2834","targetHints":{"allow":["GET"]}}],"collection":[{"href":"https:\/\/petfoodie.be\/fr\/wp-json\/wp\/v2\/pages"}],"about":[{"href":"https:\/\/petfoodie.be\/fr\/wp-json\/wp\/v2\/types\/page"}],"author":[{"embeddable":true,"href":"https:\/\/petfoodie.be\/fr\/wp-json\/wp\/v2\/users\/8"}],"replies":[{"embeddable":true,"href":"https:\/\/petfoodie.be\/fr\/wp-json\/wp\/v2\/comments?post=2834"}],"version-history":[{"count":2,"href":"https:\/\/petfoodie.be\/fr\/wp-json\/wp\/v2\/pages\/2834\/revisions"}],"predecessor-version":[{"id":2927,"href":"https:\/\/petfoodie.be\/fr\/wp-json\/wp\/v2\/pages\/2834\/revisions\/2927"}],"wp:attachment":[{"href":"https:\/\/petfoodie.be\/fr\/wp-json\/wp\/v2\/media?parent=2834"}],"curies":[{"name":"wp","href":"https:\/\/api.w.org\/{rel}","templated":true}]}}