{"id":2830,"date":"2024-03-27T11:37:48","date_gmt":"2024-03-27T10:37:48","guid":{"rendered":"https:\/\/petfoodie.be\/?page_id=2830"},"modified":"2025-03-21T14:21:25","modified_gmt":"2025-03-21T13:21:25","slug":"pour-les-chiens","status":"publish","type":"page","link":"https:\/\/petfoodie.be\/fr\/pour-les-chiens\/","title":{"rendered":"Pour Les Chiens"},"content":{"rendered":"\n<h1 class=\"wp-block-heading has-text-align-center\">POUR LES CHIENS <\/h1>\n\n\n\n<div class=\"wp-block-columns is-layout-flex wp-container-core-columns-is-layout-9d6595d7 wp-block-columns-is-layout-flex\">\n<div class=\"wp-block-column is-layout-flow wp-block-column-is-layout-flow\" style=\"flex-basis:20%\"><\/div>\n\n\n\n<div class=\"wp-block-column is-layout-flow wp-block-column-is-layout-flow\" style=\"flex-basis:60%\">\n<p class=\"has-text-align-center\">PetFoodie propose les plats de viande fra\u00eeche les plus savoureux pour votre chien. Notre gamme comprend des repas et des friandises raffin\u00e9s, disponibles dans de nombreuses saveurs. Tout est compos\u00e9 de viande 100 % fra\u00eeche et naturelle. De la vraie viande, du vrai plaisir ! Offrez \u00e0 votre compagnon \u00e0 quatre pattes un festin savoureux et laissez-le se r\u00e9galer.<\/p>\n<\/div>\n\n\n\n<div class=\"wp-block-column is-layout-flow wp-block-column-is-layout-flow\" style=\"flex-basis:20%\"><\/div>\n<\/div>\n\n\n\n<div style=\"height:25px\" aria-hidden=\"true\" class=\"wp-block-spacer\"><\/div>\n\n\n<div class=\"facetwp-facet facetwp-facet-filter_hond facetwp-type-radio\" data-name=\"filter_hond\" data-type=\"radio\"><\/div>\n\n\n\n<div style=\"height:25px\" aria-hidden=\"true\" class=\"wp-block-spacer\"><\/div>\n\n\n<div class=\"facetwp-template\" data-name=\"producten_hond\"><section class=\"producten overzicht\" style=\"padding-top: 0px;\">\n\n<div class=\"row productoverzicht\">\n\n\n    <div class=\"product col-md-3 col-6\" onclick=\"location.href='https:\/\/petfoodie.be\/fr\/produitschien\/big-meal\/';\">\n\n        <div class=\"afbeelding\">\n            <a href=\"https:\/\/petfoodie.be\/fr\/produitschien\/big-meal\/\">\n\n                                                        <img decoding=\"async\" class=\"productafbeelding\" src=\"https:\/\/petfoodie.be\/wp-content\/uploads\/2024\/07\/Petfoodie-Dog-Big-Meal-400g-Eend-2-300x300.png\" alt=\"big meal\">\n\n                        <img decoding=\"async\" src=\"https:\/\/petfoodie.be\/wp-content\/uploads\/2024\/07\/230815-eend-rund-compleet-400-1456.png\" class=\"producthover\" alt=\"230815-eend rund compleet 400-1456\">                \n            <\/a>\n            <div class=\"cirkel\"><\/div>\n        <\/div>\n        \n        <div class=\"meta\">\n            <div class=\"titel\">\n                big meal            <\/div>\n            <div class=\"sub\">\n                Canard            <\/div>\n            <div class=\"sort\">\n\n\nComplete Meal\n\n\n\n            <\/div>\n        <\/div>\n\n    <\/div>\n\n\n\n\n\n    <div class=\"product col-md-3 col-6\" onclick=\"location.href='https:\/\/petfoodie.be\/fr\/produitschien\/big-meal-4\/';\">\n\n        <div class=\"afbeelding\">\n            <a href=\"https:\/\/petfoodie.be\/fr\/produitschien\/big-meal-4\/\">\n\n                                                        <img decoding=\"async\" class=\"productafbeelding\" src=\"https:\/\/petfoodie.be\/wp-content\/uploads\/2024\/04\/Petfoodie-Dog-Big-Meal-400g-Kip-3-300x300.png\" alt=\"big meal\">\n\n                        <img decoding=\"async\" src=\"https:\/\/petfoodie.be\/wp-content\/uploads\/2024\/04\/230815-kip-compleet-400-1413.png\" class=\"producthover\" alt=\"230815-kip compleet 400-1413\">                \n            <\/a>\n            <div class=\"cirkel\"><\/div>\n        <\/div>\n        \n        <div class=\"meta\">\n            <div class=\"titel\">\n                big meal            <\/div>\n            <div class=\"sub\">\n                Poulet            <\/div>\n            <div class=\"sort\">\n\n\nComplete meal\n\n\n\n            <\/div>\n        <\/div>\n\n    <\/div>\n\n\n\n\n\n    <div class=\"product col-md-3 col-6\" onclick=\"location.href='https:\/\/petfoodie.be\/fr\/produitschien\/big-meal-boeuf\/';\">\n\n        <div class=\"afbeelding\">\n            <a href=\"https:\/\/petfoodie.be\/fr\/produitschien\/big-meal-boeuf\/\">\n\n                                                        <img decoding=\"async\" class=\"productafbeelding\" src=\"https:\/\/petfoodie.be\/wp-content\/uploads\/2024\/04\/Petfoodie-Dog-Big-Meal-400g-Rund-3-300x300.png\" alt=\"big meal\">\n\n                        <img decoding=\"async\" src=\"https:\/\/petfoodie.be\/wp-content\/uploads\/2024\/04\/230815-vlees-compleet-400-1410.png\" class=\"producthover\" alt=\"230815-vlees compleet 400-1410\">                \n            <\/a>\n            <div class=\"cirkel\"><\/div>\n        <\/div>\n        \n        <div class=\"meta\">\n            <div class=\"titel\">\n                big meal            <\/div>\n            <div class=\"sub\">\n                Boeuf            <\/div>\n            <div class=\"sort\">\n\n\nComplete meal\n\n\n\n            <\/div>\n        <\/div>\n\n    <\/div>\n\n\n\n\n\n    <div class=\"product col-md-3 col-6\" onclick=\"location.href='https:\/\/petfoodie.be\/fr\/produitschien\/big-meal-tripes-de-boeuf\/';\">\n\n        <div class=\"afbeelding\">\n            <a href=\"https:\/\/petfoodie.be\/fr\/produitschien\/big-meal-tripes-de-boeuf\/\">\n\n                                                        <img decoding=\"async\" class=\"productafbeelding\" src=\"https:\/\/petfoodie.be\/wp-content\/uploads\/2024\/04\/Petfoodie-Dog-Big-Meal-400g-Pens-en-Rund-300x300.png\" alt=\"big meal\">\n\n                        <img decoding=\"async\" src=\"https:\/\/petfoodie.be\/wp-content\/uploads\/2024\/04\/230815-pens-vlees-400-1362.png\" class=\"producthover\" alt=\"230815-pens vlees 400-1362\">                \n            <\/a>\n            <div class=\"cirkel\"><\/div>\n        <\/div>\n        \n        <div class=\"meta\">\n            <div class=\"titel\">\n                big meal            <\/div>\n            <div class=\"sub\">\n                Tripes de boeuf            <\/div>\n            <div class=\"sort\">\n\n\nComplete meal\n\n\n\n            <\/div>\n        <\/div>\n\n    <\/div>\n\n\n\n\n\n    <div class=\"product col-md-3 col-6\" onclick=\"location.href='https:\/\/petfoodie.be\/fr\/produitschien\/portions-canard\/';\">\n\n        <div class=\"afbeelding\">\n            <a href=\"https:\/\/petfoodie.be\/fr\/produitschien\/portions-canard\/\">\n\n                                                        <img decoding=\"async\" class=\"productafbeelding\" src=\"https:\/\/petfoodie.be\/wp-content\/uploads\/2024\/04\/Petfoodie-Dog-Portions-4x60-Eend-300x300.png\" alt=\"PORTIONS\">\n\n                        <img decoding=\"async\" src=\"https:\/\/petfoodie.be\/wp-content\/uploads\/2024\/07\/230815-eend-rund-compleet-400-1456.png\" class=\"producthover\" alt=\"230815-eend rund compleet 400-1456\">                \n            <\/a>\n            <div class=\"cirkel\"><\/div>\n        <\/div>\n        \n        <div class=\"meta\">\n            <div class=\"titel\">\n                PORTIONS            <\/div>\n            <div class=\"sub\">\n                Canard            <\/div>\n            <div class=\"sort\">\n\n\nComplete Meal \n\n\n\n            <\/div>\n        <\/div>\n\n    <\/div>\n\n\n\n\n\n    <div class=\"product col-md-3 col-6\" onclick=\"location.href='https:\/\/petfoodie.be\/fr\/produitschien\/portions-boeuf\/';\">\n\n        <div class=\"afbeelding\">\n            <a href=\"https:\/\/petfoodie.be\/fr\/produitschien\/portions-boeuf\/\">\n\n                                                        <img decoding=\"async\" class=\"productafbeelding\" src=\"https:\/\/petfoodie.be\/wp-content\/uploads\/2024\/04\/Petfoodie-Dog-Portions-4x60-Rund-1-300x300.png\" alt=\"PORTIONS\">\n\n                        <img decoding=\"async\" src=\"https:\/\/petfoodie.be\/wp-content\/uploads\/2024\/04\/230815-4X60-rund-met-groenten-1590.png\" class=\"producthover\" alt=\"230815-4X60-rund met groenten-1590\">                \n            <\/a>\n            <div class=\"cirkel\"><\/div>\n        <\/div>\n        \n        <div class=\"meta\">\n            <div class=\"titel\">\n                PORTIONS            <\/div>\n            <div class=\"sub\">\n                Boeuf            <\/div>\n            <div class=\"sort\">\n\n\nComplete Meal \n\n\n\n            <\/div>\n        <\/div>\n\n    <\/div>\n\n\n\n\n\n    <div class=\"product col-md-3 col-6\" onclick=\"location.href='https:\/\/petfoodie.be\/fr\/produitschien\/portions-agneau\/';\">\n\n        <div class=\"afbeelding\">\n            <a href=\"https:\/\/petfoodie.be\/fr\/produitschien\/portions-agneau\/\">\n\n                                                        <img decoding=\"async\" class=\"productafbeelding\" src=\"https:\/\/petfoodie.be\/wp-content\/uploads\/2024\/04\/SchalenTest_400x400px-300x300.png\" alt=\"PORTIONS\">\n\n                        <img decoding=\"async\" src=\"https:\/\/petfoodie.be\/wp-content\/uploads\/2024\/04\/230815-4X60-lam-met-rijst-1585.png\" class=\"producthover\" alt=\"230815-4X60-lam met rijst-1585\">                \n            <\/a>\n            <div class=\"cirkel\"><\/div>\n        <\/div>\n        \n        <div class=\"meta\">\n            <div class=\"titel\">\n                PORTIONS            <\/div>\n            <div class=\"sub\">\n                Agneau            <\/div>\n            <div class=\"sort\">\n\n\nComplete Meal\n\n\n\n            <\/div>\n        <\/div>\n\n    <\/div>\n\n\n\n\n\n    <div class=\"product col-md-3 col-6\" onclick=\"location.href='https:\/\/petfoodie.be\/fr\/produitschien\/chunkies-canard\/';\">\n\n        <div class=\"afbeelding\">\n            <a href=\"https:\/\/petfoodie.be\/fr\/produitschien\/chunkies-canard\/\">\n\n                                                        <img decoding=\"async\" class=\"productafbeelding\" src=\"https:\/\/petfoodie.be\/wp-content\/uploads\/2024\/04\/Petfoodie-Dog-Chunkies-500g-Eend-2-300x300.png\" alt=\"CHUNKIES\">\n\n                        <img decoding=\"async\" src=\"https:\/\/petfoodie.be\/wp-content\/uploads\/2024\/04\/LamEend-2.png\" class=\"producthover\" alt=\"LamEend\">                \n            <\/a>\n            <div class=\"cirkel\"><\/div>\n        <\/div>\n        \n        <div class=\"meta\">\n            <div class=\"titel\">\n                CHUNKIES            <\/div>\n            <div class=\"sub\">\n                Canard            <\/div>\n            <div class=\"sort\">\n\n\nComplete Meal\n\n\n\n            <\/div>\n        <\/div>\n\n    <\/div>\n\n\n\n\n\n    <div class=\"product col-md-3 col-6\" onclick=\"location.href='https:\/\/petfoodie.be\/fr\/produitschien\/chunkies-poulet\/';\">\n\n        <div class=\"afbeelding\">\n            <a href=\"https:\/\/petfoodie.be\/fr\/produitschien\/chunkies-poulet\/\">\n\n                                                        <img decoding=\"async\" class=\"productafbeelding\" src=\"https:\/\/petfoodie.be\/wp-content\/uploads\/2024\/04\/Petfoodie-Dog-Chunkies-500g-Kip-2-300x300.png\" alt=\"CHUNKIES\">\n\n                        <img decoding=\"async\" src=\"https:\/\/petfoodie.be\/wp-content\/uploads\/2024\/04\/230815-vvbrokjes-kip-met-groenten-1835-1.png\" class=\"producthover\" alt=\"230815-vvbrokjes-kip met groenten-1835\">                \n            <\/a>\n            <div class=\"cirkel\"><\/div>\n        <\/div>\n        \n        <div class=\"meta\">\n            <div class=\"titel\">\n                CHUNKIES            <\/div>\n            <div class=\"sub\">\n                Poulet            <\/div>\n            <div class=\"sort\">\n\n\nComplete meal \n\n\n\n            <\/div>\n        <\/div>\n\n    <\/div>\n\n\n\n\n\n    <div class=\"product col-md-3 col-6\" onclick=\"location.href='https:\/\/petfoodie.be\/fr\/produitschien\/chunkies-boeuf\/';\">\n\n        <div class=\"afbeelding\">\n            <a href=\"https:\/\/petfoodie.be\/fr\/produitschien\/chunkies-boeuf\/\">\n\n                                                        <img decoding=\"async\" class=\"productafbeelding\" src=\"https:\/\/petfoodie.be\/wp-content\/uploads\/2024\/04\/Petfoodie-Dog-Chunkies-500g-Rund-2-300x300.png\" alt=\"CHUNKIES\">\n\n                        <img decoding=\"async\" src=\"https:\/\/petfoodie.be\/wp-content\/uploads\/2024\/04\/230815-vvbrokjes-rund-met-groenten-1841.png\" class=\"producthover\" alt=\"230815-vvbrokjes-rund met groenten-1841\">                \n            <\/a>\n            <div class=\"cirkel\"><\/div>\n        <\/div>\n        \n        <div class=\"meta\">\n            <div class=\"titel\">\n                CHUNKIES            <\/div>\n            <div class=\"sub\">\n                Boeuf            <\/div>\n            <div class=\"sort\">\n\n\nComplete Meal \n\n\n\n            <\/div>\n        <\/div>\n\n    <\/div>\n\n\n\n\n\n    <div class=\"product col-md-3 col-6\" onclick=\"location.href='https:\/\/petfoodie.be\/fr\/produitschien\/chunkies-agneau\/';\">\n\n        <div class=\"afbeelding\">\n            <a href=\"https:\/\/petfoodie.be\/fr\/produitschien\/chunkies-agneau\/\">\n\n                                                        <img decoding=\"async\" class=\"productafbeelding\" src=\"https:\/\/petfoodie.be\/wp-content\/uploads\/2024\/03\/Petfoodie-Dog-Chunkies-500g-Lam-300x300.png\" alt=\"CHUNKIES\">\n\n                        <img decoding=\"async\" src=\"https:\/\/petfoodie.be\/wp-content\/uploads\/2024\/03\/230815-vvbrokjes-lam-met-rijst-1832.png\" class=\"producthover\" alt=\"230815-vvbrokjes-lam met rijst-1832\">                \n            <\/a>\n            <div class=\"cirkel\"><\/div>\n        <\/div>\n        \n        <div class=\"meta\">\n            <div class=\"titel\">\n                CHUNKIES            <\/div>\n            <div class=\"sub\">\n                Agneau            <\/div>\n            <div class=\"sort\">\n\n\nComplete Meal \n\n\n\n            <\/div>\n        <\/div>\n\n    <\/div>\n\n\n\n\n\n    <div class=\"product col-md-3 col-6\" onclick=\"location.href='https:\/\/petfoodie.be\/fr\/produitschien\/sprinkles-canard\/';\">\n\n        <div class=\"afbeelding\">\n            <a href=\"https:\/\/petfoodie.be\/fr\/produitschien\/sprinkles-canard\/\">\n\n                                                        <img decoding=\"async\" class=\"productafbeelding\" src=\"https:\/\/petfoodie.be\/wp-content\/uploads\/2024\/07\/Petfoodie-Dog-Sprinkles-300g-Eend-300x300.png\" alt=\"SPRINKLES\">\n\n                        <img decoding=\"async\" src=\"https:\/\/petfoodie.be\/wp-content\/uploads\/2024\/07\/Rund-Topping-kleurcorrectie.png\" class=\"producthover\" alt=\"Rund Topping-kleurcorrectie\">                \n            <\/a>\n            <div class=\"cirkel\"><\/div>\n        <\/div>\n        \n        <div class=\"meta\">\n            <div class=\"titel\">\n                SPRINKLES            <\/div>\n            <div class=\"sub\">\n                Canard            <\/div>\n            <div class=\"sort\">\n\n\nMeal Booster\n\n\n\n            <\/div>\n        <\/div>\n\n    <\/div>\n\n\n\n\n\n    <div class=\"product col-md-3 col-6\" onclick=\"location.href='https:\/\/petfoodie.be\/fr\/produitschien\/sprinkles-boeuf\/';\">\n\n        <div class=\"afbeelding\">\n            <a href=\"https:\/\/petfoodie.be\/fr\/produitschien\/sprinkles-boeuf\/\">\n\n                                                        <img decoding=\"async\" class=\"productafbeelding\" src=\"https:\/\/petfoodie.be\/wp-content\/uploads\/2024\/07\/Petfoodie-Dog-Sprinkles-300g-Rund-300x300.png\" alt=\"SPRINKLES\">\n\n                        <img decoding=\"async\" src=\"https:\/\/petfoodie.be\/wp-content\/uploads\/2024\/07\/Rund-Topping-kleurcorrectie.png\" class=\"producthover\" alt=\"Rund Topping-kleurcorrectie\">                \n            <\/a>\n            <div class=\"cirkel\"><\/div>\n        <\/div>\n        \n        <div class=\"meta\">\n            <div class=\"titel\">\n                SPRINKLES            <\/div>\n            <div class=\"sub\">\n                Boeuf            <\/div>\n            <div class=\"sort\">\n\n\nMeal Booster\n\n\n\n            <\/div>\n        <\/div>\n\n    <\/div>\n\n\n\n\n\n    <div class=\"product col-md-3 col-6\" onclick=\"location.href='https:\/\/petfoodie.be\/fr\/produitschien\/sprinkles-agneau\/';\">\n\n        <div class=\"afbeelding\">\n            <a href=\"https:\/\/petfoodie.be\/fr\/produitschien\/sprinkles-agneau\/\">\n\n                                                        <img decoding=\"async\" class=\"productafbeelding\" src=\"https:\/\/petfoodie.be\/wp-content\/uploads\/2024\/04\/Petfoodie-Dog-Sprinkles-300g-Lam-2-300x300.png\" alt=\"SPRINKLES\">\n\n                        <img decoding=\"async\" src=\"https:\/\/petfoodie.be\/wp-content\/uploads\/2024\/07\/Rund-Topping-kleurcorrectie.png\" class=\"producthover\" alt=\"Rund Topping-kleurcorrectie\">                \n            <\/a>\n            <div class=\"cirkel\"><\/div>\n        <\/div>\n        \n        <div class=\"meta\">\n            <div class=\"titel\">\n                SPRINKLES            <\/div>\n            <div class=\"sub\">\n                Agneau            <\/div>\n            <div class=\"sort\">\n\n\nMeal Booster\n\n\n\n            <\/div>\n        <\/div>\n\n    <\/div>\n\n\n\n<\/div>\n<\/section><\/div>\n","protected":false},"excerpt":{"rendered":"<p>POUR LES CHIENS PetFoodie propose les plats de viande fra\u00eeche les plus savoureux pour votre chien. Notre gamme comprend des [&hellip;]<\/p>\n","protected":false},"author":4,"featured_media":0,"parent":0,"menu_order":10,"comment_status":"closed","ping_status":"closed","template":"","meta":{"_acf_changed":false,"footnotes":""},"class_list":["post-2830","page","type-page","status-publish","hentry"],"acf":[],"yoast_head":"<!-- This site is optimized with the Yoast SEO plugin v27.2 - https:\/\/yoast.com\/product\/yoast-seo-wordpress\/ -->\n<title>Viande fra\u00eeche surgel\u00e9e pour chiens - PetFoodie<\/title>\n<meta name=\"description\" content=\"100% de viande fra\u00eeche d\u00e9licieuse pour votre chien. En tant qu&#039;aliment complet ou en tant qu&#039;aliment raffin\u00e9. Surgel\u00e9 et facile \u00e0 portionner. Seulement chez PetFoodie !\" \/>\n<meta name=\"robots\" content=\"index, follow, max-snippet:-1, max-image-preview:large, max-video-preview:-1\" \/>\n<link rel=\"canonical\" href=\"https:\/\/petfoodie.be\/fr\/pour-les-chiens\/\" \/>\n<meta property=\"og:locale\" content=\"fr_FR\" \/>\n<meta property=\"og:type\" content=\"article\" \/>\n<meta property=\"og:title\" content=\"Viande fra\u00eeche surgel\u00e9e pour chiens - PetFoodie\" \/>\n<meta property=\"og:description\" content=\"100% de viande fra\u00eeche d\u00e9licieuse pour votre chien. En tant qu&#039;aliment complet ou en tant qu&#039;aliment raffin\u00e9. Surgel\u00e9 et facile \u00e0 portionner. Seulement chez PetFoodie !\" \/>\n<meta property=\"og:url\" content=\"https:\/\/petfoodie.be\/fr\/pour-les-chiens\/\" \/>\n<meta property=\"og:site_name\" content=\"PetFoodie\" \/>\n<meta property=\"article:modified_time\" content=\"2025-03-21T13:21:25+00:00\" \/>\n<meta name=\"twitter:card\" content=\"summary_large_image\" \/>\n<meta name=\"twitter:label1\" content=\"Dur\u00e9e de lecture estim\u00e9e\" \/>\n\t<meta name=\"twitter:data1\" content=\"1 minute\" \/>\n<script type=\"application\/ld+json\" class=\"yoast-schema-graph\">{\"@context\":\"https:\/\/schema.org\",\"@graph\":[{\"@type\":\"WebPage\",\"@id\":\"https:\/\/petfoodie.be\/fr\/pour-les-chiens\/\",\"url\":\"https:\/\/petfoodie.be\/fr\/pour-les-chiens\/\",\"name\":\"Viande fra\u00eeche surgel\u00e9e pour chiens - PetFoodie\",\"isPartOf\":{\"@id\":\"https:\/\/petfoodie.be\/fr\/#website\"},\"datePublished\":\"2024-03-27T10:37:48+00:00\",\"dateModified\":\"2025-03-21T13:21:25+00:00\",\"description\":\"100% de viande fra\u00eeche d\u00e9licieuse pour votre chien. En tant qu'aliment complet ou en tant qu'aliment raffin\u00e9. Surgel\u00e9 et facile \u00e0 portionner. Seulement chez PetFoodie !\",\"breadcrumb\":{\"@id\":\"https:\/\/petfoodie.be\/fr\/pour-les-chiens\/#breadcrumb\"},\"inLanguage\":\"fr-FR\",\"potentialAction\":[{\"@type\":\"ReadAction\",\"target\":[\"https:\/\/petfoodie.be\/fr\/pour-les-chiens\/\"]}]},{\"@type\":\"BreadcrumbList\",\"@id\":\"https:\/\/petfoodie.be\/fr\/pour-les-chiens\/#breadcrumb\",\"itemListElement\":[{\"@type\":\"ListItem\",\"position\":1,\"name\":\"Home\",\"item\":\"https:\/\/petfoodie.be\/fr\/\"},{\"@type\":\"ListItem\",\"position\":2,\"name\":\"Pour Les Chiens\"}]},{\"@type\":\"WebSite\",\"@id\":\"https:\/\/petfoodie.be\/fr\/#website\",\"url\":\"https:\/\/petfoodie.be\/fr\/\",\"name\":\"PetFoodie\",\"description\":\"\",\"potentialAction\":[{\"@type\":\"SearchAction\",\"target\":{\"@type\":\"EntryPoint\",\"urlTemplate\":\"https:\/\/petfoodie.be\/fr\/?s={search_term_string}\"},\"query-input\":{\"@type\":\"PropertyValueSpecification\",\"valueRequired\":true,\"valueName\":\"search_term_string\"}}],\"inLanguage\":\"fr-FR\"}]}<\/script>\n<!-- \/ Yoast SEO plugin. -->","yoast_head_json":{"title":"Viande fra\u00eeche surgel\u00e9e pour chiens - PetFoodie","description":"100% de viande fra\u00eeche d\u00e9licieuse pour votre chien. En tant qu'aliment complet ou en tant qu'aliment raffin\u00e9. Surgel\u00e9 et facile \u00e0 portionner. Seulement chez PetFoodie !","robots":{"index":"index","follow":"follow","max-snippet":"max-snippet:-1","max-image-preview":"max-image-preview:large","max-video-preview":"max-video-preview:-1"},"canonical":"https:\/\/petfoodie.be\/fr\/pour-les-chiens\/","og_locale":"fr_FR","og_type":"article","og_title":"Viande fra\u00eeche surgel\u00e9e pour chiens - PetFoodie","og_description":"100% de viande fra\u00eeche d\u00e9licieuse pour votre chien. En tant qu'aliment complet ou en tant qu'aliment raffin\u00e9. Surgel\u00e9 et facile \u00e0 portionner. Seulement chez PetFoodie !","og_url":"https:\/\/petfoodie.be\/fr\/pour-les-chiens\/","og_site_name":"PetFoodie","article_modified_time":"2025-03-21T13:21:25+00:00","twitter_card":"summary_large_image","twitter_misc":{"Dur\u00e9e de lecture estim\u00e9e":"1 minute"},"schema":{"@context":"https:\/\/schema.org","@graph":[{"@type":"WebPage","@id":"https:\/\/petfoodie.be\/fr\/pour-les-chiens\/","url":"https:\/\/petfoodie.be\/fr\/pour-les-chiens\/","name":"Viande fra\u00eeche surgel\u00e9e pour chiens - PetFoodie","isPartOf":{"@id":"https:\/\/petfoodie.be\/fr\/#website"},"datePublished":"2024-03-27T10:37:48+00:00","dateModified":"2025-03-21T13:21:25+00:00","description":"100% de viande fra\u00eeche d\u00e9licieuse pour votre chien. En tant qu'aliment complet ou en tant qu'aliment raffin\u00e9. Surgel\u00e9 et facile \u00e0 portionner. Seulement chez PetFoodie !","breadcrumb":{"@id":"https:\/\/petfoodie.be\/fr\/pour-les-chiens\/#breadcrumb"},"inLanguage":"fr-FR","potentialAction":[{"@type":"ReadAction","target":["https:\/\/petfoodie.be\/fr\/pour-les-chiens\/"]}]},{"@type":"BreadcrumbList","@id":"https:\/\/petfoodie.be\/fr\/pour-les-chiens\/#breadcrumb","itemListElement":[{"@type":"ListItem","position":1,"name":"Home","item":"https:\/\/petfoodie.be\/fr\/"},{"@type":"ListItem","position":2,"name":"Pour Les Chiens"}]},{"@type":"WebSite","@id":"https:\/\/petfoodie.be\/fr\/#website","url":"https:\/\/petfoodie.be\/fr\/","name":"PetFoodie","description":"","potentialAction":[{"@type":"SearchAction","target":{"@type":"EntryPoint","urlTemplate":"https:\/\/petfoodie.be\/fr\/?s={search_term_string}"},"query-input":{"@type":"PropertyValueSpecification","valueRequired":true,"valueName":"search_term_string"}}],"inLanguage":"fr-FR"}]}},"_links":{"self":[{"href":"https:\/\/petfoodie.be\/fr\/wp-json\/wp\/v2\/pages\/2830","targetHints":{"allow":["GET"]}}],"collection":[{"href":"https:\/\/petfoodie.be\/fr\/wp-json\/wp\/v2\/pages"}],"about":[{"href":"https:\/\/petfoodie.be\/fr\/wp-json\/wp\/v2\/types\/page"}],"author":[{"embeddable":true,"href":"https:\/\/petfoodie.be\/fr\/wp-json\/wp\/v2\/users\/4"}],"replies":[{"embeddable":true,"href":"https:\/\/petfoodie.be\/fr\/wp-json\/wp\/v2\/comments?post=2830"}],"version-history":[{"count":3,"href":"https:\/\/petfoodie.be\/fr\/wp-json\/wp\/v2\/pages\/2830\/revisions"}],"predecessor-version":[{"id":3306,"href":"https:\/\/petfoodie.be\/fr\/wp-json\/wp\/v2\/pages\/2830\/revisions\/3306"}],"wp:attachment":[{"href":"https:\/\/petfoodie.be\/fr\/wp-json\/wp\/v2\/media?parent=2830"}],"curies":[{"name":"wp","href":"https:\/\/api.w.org\/{rel}","templated":true}]}}